{"id":1486,"date":"2021-09-27T16:34:22","date_gmt":"2021-09-27T16:34:22","guid":{"rendered":"https:\/\/bricopouce.schill.cc\/?page_id=1486"},"modified":"2021-09-27T16:50:28","modified_gmt":"2021-09-27T16:50:28","slug":"travaux","status":"publish","type":"page","link":"https:\/\/www.bricopouce.fr\/?page_id=1486","title":{"rendered":"Travaux"},"content":{"rendered":"<p>Am\u00e9nagement ext\u00e9rieur, ma\u00e7onnerie, couverture, cabanons, terrasse&#8230;<br \/>\nAm\u00e9nagement int\u00e9rieur, cloisons, isolation, rev\u00eatements sols et murs, portes&#8230;<\/p>\n","protected":false},"excerpt":{"rendered":"<p>Am\u00e9nagement ext\u00e9rieur, ma\u00e7onnerie, couverture, cabanons, terrasse&#8230; Am\u00e9nagement int\u00e9rieur, cloisons, isolation, rev\u00eatements sols et murs, portes&#8230;<\/p>\n","protected":false},"author":1,"featured_media":0,"parent":0,"menu_order":0,"comment_status":"closed","ping_status":"closed","template":"","meta":{"footnotes":""},"class_list":["post-1486","page","type-page","status-publish","hentry"],"_links":{"self":[{"href":"https:\/\/www.bricopouce.fr\/index.php?rest_route=\/wp\/v2\/pages\/1486","targetHints":{"allow":["GET"]}}],"collection":[{"href":"https:\/\/www.bricopouce.fr\/index.php?rest_route=\/wp\/v2\/pages"}],"about":[{"href":"https:\/\/www.bricopouce.fr\/index.php?rest_route=\/wp\/v2\/types\/page"}],"author":[{"embeddable":true,"href":"https:\/\/www.bricopouce.fr\/index.php?rest_route=\/wp\/v2\/users\/1"}],"replies":[{"embeddable":true,"href":"https:\/\/www.bricopouce.fr\/index.php?rest_route=%2Fwp%2Fv2%2Fcomments&post=1486"}],"version-history":[{"count":3,"href":"https:\/\/www.bricopouce.fr\/index.php?rest_route=\/wp\/v2\/pages\/1486\/revisions"}],"predecessor-version":[{"id":1497,"href":"https:\/\/www.bricopouce.fr\/index.php?rest_route=\/wp\/v2\/pages\/1486\/revisions\/1497"}],"wp:attachment":[{"href":"https:\/\/www.bricopouce.fr\/index.php?rest_route=%2Fwp%2Fv2%2Fmedia&parent=1486"}],"curies":[{"name":"wp","href":"https:\/\/api.w.org\/{rel}","templated":true}]}}