{"id":1482,"date":"2021-09-27T16:30:21","date_gmt":"2021-09-27T16:30:21","guid":{"rendered":"https:\/\/bricopouce.schill.cc\/?page_id=1482"},"modified":"2021-09-27T16:44:42","modified_gmt":"2021-09-27T16:44:42","slug":"electricite","status":"publish","type":"page","link":"https:\/\/www.bricopouce.fr\/?page_id=1482","title":{"rendered":"\u00c9lectricit\u00e9"},"content":{"rendered":"<p>Changement d&rsquo;appareillage, r\u00e9paration de prises, installation d&rsquo;un lustre, remplacement d&rsquo;ampoules, installation d&rsquo;un \u00e9l\u00e9ctrom\u00e9nager<\/p>\n","protected":false},"excerpt":{"rendered":"<p>Changement d&rsquo;appareillage, r\u00e9paration de prises, installation d&rsquo;un lustre, remplacement d&rsquo;ampoules, installation d&rsquo;un \u00e9l\u00e9ctrom\u00e9nager<\/p>\n","protected":false},"author":1,"featured_media":0,"parent":0,"menu_order":0,"comment_status":"closed","ping_status":"closed","template":"","meta":{"footnotes":""},"class_list":["post-1482","page","type-page","status-publish","hentry"],"_links":{"self":[{"href":"https:\/\/www.bricopouce.fr\/index.php?rest_route=\/wp\/v2\/pages\/1482","targetHints":{"allow":["GET"]}}],"collection":[{"href":"https:\/\/www.bricopouce.fr\/index.php?rest_route=\/wp\/v2\/pages"}],"about":[{"href":"https:\/\/www.bricopouce.fr\/index.php?rest_route=\/wp\/v2\/types\/page"}],"author":[{"embeddable":true,"href":"https:\/\/www.bricopouce.fr\/index.php?rest_route=\/wp\/v2\/users\/1"}],"replies":[{"embeddable":true,"href":"https:\/\/www.bricopouce.fr\/index.php?rest_route=%2Fwp%2Fv2%2Fcomments&post=1482"}],"version-history":[{"count":2,"href":"https:\/\/www.bricopouce.fr\/index.php?rest_route=\/wp\/v2\/pages\/1482\/revisions"}],"predecessor-version":[{"id":1496,"href":"https:\/\/www.bricopouce.fr\/index.php?rest_route=\/wp\/v2\/pages\/1482\/revisions\/1496"}],"wp:attachment":[{"href":"https:\/\/www.bricopouce.fr\/index.php?rest_route=%2Fwp%2Fv2%2Fmedia&parent=1482"}],"curies":[{"name":"wp","href":"https:\/\/api.w.org\/{rel}","templated":true}]}}