{"id":1471,"date":"2021-09-27T16:16:43","date_gmt":"2021-09-27T16:16:43","guid":{"rendered":"https:\/\/bricopouce.schill.cc\/?page_id=1471"},"modified":"2021-09-27T16:16:43","modified_gmt":"2021-09-27T16:16:43","slug":"plomberie","status":"publish","type":"page","link":"https:\/\/www.bricopouce.fr\/?page_id=1471","title":{"rendered":"Plomberie"},"content":{"rendered":"<p>D\u00e9placer, r\u00e9parer, changer un point d&rsquo;eau. \u00c9vacuation, arriv\u00e9e d&rsquo;eau, PER, multicouche, cuivre&#8230;<\/p>\n<p>&nbsp;<\/p>\n","protected":false},"excerpt":{"rendered":"<p>D\u00e9placer, r\u00e9parer, changer un point d&rsquo;eau. \u00c9vacuation, arriv\u00e9e d&rsquo;eau, PER, multicouche, cuivre&#8230; &nbsp;<\/p>\n","protected":false},"author":1,"featured_media":0,"parent":0,"menu_order":0,"comment_status":"closed","ping_status":"closed","template":"","meta":{"footnotes":""},"class_list":["post-1471","page","type-page","status-publish","hentry"],"_links":{"self":[{"href":"https:\/\/www.bricopouce.fr\/index.php?rest_route=\/wp\/v2\/pages\/1471","targetHints":{"allow":["GET"]}}],"collection":[{"href":"https:\/\/www.bricopouce.fr\/index.php?rest_route=\/wp\/v2\/pages"}],"about":[{"href":"https:\/\/www.bricopouce.fr\/index.php?rest_route=\/wp\/v2\/types\/page"}],"author":[{"embeddable":true,"href":"https:\/\/www.bricopouce.fr\/index.php?rest_route=\/wp\/v2\/users\/1"}],"replies":[{"embeddable":true,"href":"https:\/\/www.bricopouce.fr\/index.php?rest_route=%2Fwp%2Fv2%2Fcomments&post=1471"}],"version-history":[{"count":1,"href":"https:\/\/www.bricopouce.fr\/index.php?rest_route=\/wp\/v2\/pages\/1471\/revisions"}],"predecessor-version":[{"id":1472,"href":"https:\/\/www.bricopouce.fr\/index.php?rest_route=\/wp\/v2\/pages\/1471\/revisions\/1472"}],"wp:attachment":[{"href":"https:\/\/www.bricopouce.fr\/index.php?rest_route=%2Fwp%2Fv2%2Fmedia&parent=1471"}],"curies":[{"name":"wp","href":"https:\/\/api.w.org\/{rel}","templated":true}]}}